{"id":1343,"date":"2021-05-18T19:14:42","date_gmt":"2021-05-18T19:14:42","guid":{"rendered":"https:\/\/migliorosso.com\/prodotto\/prosecco-brut-doc\/"},"modified":"2023-01-04T16:34:12","modified_gmt":"2023-01-04T16:34:12","slug":"prosecco-brut-doc","status":"publish","type":"product","link":"https:\/\/migliorosso.com\/de\/prodotto\/prosecco-brut-doc\/","title":{"rendered":"Prosecco Brut Doc"},"content":{"rendered":"[vc_row type=&#8220;full_width_background&#8220; full_screen_row_position=&#8220;middle&#8220; column_margin=&#8220;default&#8220; column_direction=&#8220;default&#8220; column_direction_tablet=&#8220;default&#8220; column_direction_phone=&#8220;default&#8220; scene_position=&#8220;center&#8220; top_padding=&#8220;4%&#8220; bottom_padding=&#8220;4%&#8220; text_color=&#8220;dark&#8220; text_align=&#8220;left&#8220; row_border_radius=&#8220;none&#8220; row_border_radius_applies=&#8220;bg&#8220; overlay_strength=&#8220;0.3&#8243; gradient_direction=&#8220;left_to_right&#8220; shape_divider_position=&#8220;bottom&#8220; bg_image_animation=&#8220;none&#8220; shape_type=&#8220;&#8220;][vc_column column_padding=&#8220;padding-10-percent&#8220; column_padding_tablet=&#8220;inherit&#8220; column_padding_phone=&#8220;inherit&#8220; column_padding_position=&#8220;top-right&#8220; centered_text=&#8220;true&#8220; background_color_opacity=&#8220;1&#8243; background_hover_color_opacity=&#8220;1&#8243; column_shadow=&#8220;none&#8220; column_border_radius=&#8220;none&#8220; column_link_target=&#8220;_self&#8220; gradient_direction=&#8220;left_to_right&#8220; overlay_strength=&#8220;0.3&#8243; width=&#8220;1\/2&#8243; tablet_width_inherit=&#8220;default&#8220; tablet_text_alignment=&#8220;default&#8220; phone_text_alignment=&#8220;default&#8220; column_border_width=&#8220;none&#8220; column_border_style=&#8220;solid&#8220; bg_image_animation=&#8220;none&#8220;][vc_column_text]\n<h4 style=\"text-align: left;\"><span style=\"color: #000000;\">Tra le variet\u00e0 di Prosecco il Brut si contraddistingue per un residuo zuccherino che deve mantenersi entro i 12 g\/L.<\/span><br \/>\n<span style=\"color: #000000;\">Intenso e raffinato grazie al suo bouquet aromatico, il Prosecco Brut DOC Millesimato Miglio Rosso ha un residuo zuccherino di 10 g\/L e si presta bene anche per accompagnare i pasti.<\/span><\/h4>\n[\/vc_column_text][\/vc_column][vc_column column_padding=&#8220;no-extra-padding&#8220; column_padding_tablet=&#8220;inherit&#8220; column_padding_phone=&#8220;inherit&#8220; column_padding_position=&#8220;all&#8220; background_color_opacity=&#8220;1&#8243; background_hover_color_opacity=&#8220;1&#8243; column_shadow=&#8220;none&#8220; column_border_radius=&#8220;none&#8220; column_link_target=&#8220;_self&#8220; gradient_direction=&#8220;left_to_right&#8220; overlay_strength=&#8220;0.3&#8243; width=&#8220;1\/2&#8243; tablet_width_inherit=&#8220;default&#8220; tablet_text_alignment=&#8220;default&#8220; phone_text_alignment=&#8220;default&#8220; column_border_width=&#8220;none&#8220; column_border_style=&#8220;solid&#8220; bg_image_animation=&#8220;none&#8220;][image_with_animation image_url=&#8220;1035&#8243; animation=&#8220;Fade In&#8220; hover_animation=&#8220;none&#8220; alignment=&#8220;&#8220; border_radius=&#8220;none&#8220; box_shadow=&#8220;none&#8220; image_loading=&#8220;default&#8220; max_width=&#8220;100%&#8220; max_width_mobile=&#8220;default&#8220;][\/vc_column][\/vc_row]\n","protected":false},"excerpt":{"rendered":"<div class=\"page\" title=\"Page 1\">\n<div class=\"section\">\n<div class=\"layoutArea\">\n<div class=\"column\">\n<p>Mindestbestellmenge 6 Flaschen (auch gemischt).<\/p>\n<p>&nbsp;<\/p>\n<p><strong>ORGANOLEPTISCHE EIGENSCHAFTEN<\/strong>: Wein, der sich durch eine sehr feine und einh\u00fcllende Perlage auszeichnet, ist lebendig und reich an Aromen. Er ist umh\u00fcllt von blumigen Noten von Wei\u00dfdorn und Glyzinie und l\u00e4sst fruchtige Aromen von frischem Apfel sp\u00fcren. Es ist sehr angenehm, frisch im Mund und elegant.<\/p>\n<p><strong>SERVIERVORSCHLAG<\/strong>: ausgezeichneter Wein f\u00fcr Aperitifs, gegrillten Fisch, hellem Fleisch oder K\u00e4se. Serviert bei 6-8 \u00b0 C in mittelgro\u00dfen oder Fl\u00f6tengl\u00e4sern.<\/p>\n<p><strong>FARBE<\/strong>: Leuchtendes Citringelb.<\/p>\n<p><strong>BODEN<\/strong>: Lehmiger Boden, angereichert vom Piave-Fluss und gleichzeitig der N\u00e4he zum Meer. Die Trauben tragen die Produktspezifikation DOC Venezia.<\/p>\n<p><strong>ALKOHOLGEHALT<\/strong>: 11%.<\/p>\n<p><a href=\"http:\/\/migliorosso.com\/wp-content\/uploads\/2021\/11\/BRUT1.pdf\"><strong>Laden Sie hier das Datenblatt herunter.<\/strong><\/a><\/p>\n<\/div>\n<\/div>\n<\/div>\n<\/div>\n","protected":false},"featured_media":1278,"template":"","meta":[],"product_brand":[],"product_cat":[49],"product_tag":[],"giftcard-category":[],"class_list":{"0":"post-1343","1":"product","2":"type-product","3":"status-publish","4":"has-post-thumbnail","6":"product_cat-wein","8":"first","9":"instock","10":"taxable","11":"shipping-taxable","12":"purchasable","13":"product-type-simple"},"yoast_head":"<!-- This site is optimized with the Yoast SEO plugin v26.3 - https:\/\/yoast.com\/wordpress\/plugins\/seo\/ -->\n<title>Prosecco Brut Doc - Miglio Rosso<\/title>\n<meta name=\"description\" content=\"Perfetto anche a tutto pasto, il Prosecco Brut DOC Millesimato Miglio Rosso si contraddistingue per profumi intensi, grande freschezza e un colore brillante.\" \/>\n<meta name=\"robots\" content=\"index, follow, max-snippet:-1, max-image-preview:large, max-video-preview:-1\" \/>\n<link rel=\"canonical\" href=\"https:\/\/migliorosso.com\/de\/prodotto\/prosecco-brut-doc\/\" \/>\n<meta property=\"og:locale\" content=\"de_DE\" \/>\n<meta property=\"og:type\" content=\"article\" \/>\n<meta property=\"og:title\" content=\"Prosecco Brut Doc - Miglio Rosso\" \/>\n<meta property=\"og:description\" content=\"Perfetto anche a tutto pasto, il Prosecco Brut DOC Millesimato Miglio Rosso si contraddistingue per profumi intensi, grande freschezza e un colore brillante.\" \/>\n<meta property=\"og:url\" content=\"https:\/\/migliorosso.com\/de\/prodotto\/prosecco-brut-doc\/\" \/>\n<meta property=\"og:site_name\" content=\"Miglio Rosso\" \/>\n<meta property=\"article:publisher\" content=\"https:\/\/www.facebook.com\/migliorossojesolo\" \/>\n<meta property=\"article:modified_time\" content=\"2023-01-04T16:34:12+00:00\" \/>\n<meta property=\"og:image\" content=\"https:\/\/migliorosso.com\/wp-content\/uploads\/2021\/05\/Miglio-Rosso_Brut_def.jpg\" \/>\n\t<meta property=\"og:image:width\" content=\"1000\" \/>\n\t<meta property=\"og:image:height\" content=\"1000\" \/>\n\t<meta property=\"og:image:type\" content=\"image\/jpeg\" \/>\n<meta name=\"twitter:card\" content=\"summary_large_image\" \/>\n<meta name=\"twitter:label1\" content=\"Gesch\u00e4tzte Lesezeit\" \/>\n\t<meta name=\"twitter:data1\" content=\"1\u00a0Minute\" \/>\n<script type=\"application\/ld+json\" class=\"yoast-schema-graph\">{\"@context\":\"https:\/\/schema.org\",\"@graph\":[{\"@type\":\"WebPage\",\"@id\":\"https:\/\/migliorosso.com\/de\/prodotto\/prosecco-brut-doc\/\",\"url\":\"https:\/\/migliorosso.com\/de\/prodotto\/prosecco-brut-doc\/\",\"name\":\"Prosecco Brut Doc - Miglio Rosso\",\"isPartOf\":{\"@id\":\"https:\/\/migliorosso.com\/de\/#website\"},\"primaryImageOfPage\":{\"@id\":\"https:\/\/migliorosso.com\/de\/prodotto\/prosecco-brut-doc\/#primaryimage\"},\"image\":{\"@id\":\"https:\/\/migliorosso.com\/de\/prodotto\/prosecco-brut-doc\/#primaryimage\"},\"thumbnailUrl\":\"https:\/\/migliorosso.com\/wp-content\/uploads\/2021\/05\/Miglio-Rosso_Brut_def.jpg\",\"datePublished\":\"2021-05-18T19:14:42+00:00\",\"dateModified\":\"2023-01-04T16:34:12+00:00\",\"description\":\"Perfetto anche a tutto pasto, il Prosecco Brut DOC Millesimato Miglio Rosso si contraddistingue per profumi intensi, grande freschezza e un colore brillante.\",\"breadcrumb\":{\"@id\":\"https:\/\/migliorosso.com\/de\/prodotto\/prosecco-brut-doc\/#breadcrumb\"},\"inLanguage\":\"de\",\"potentialAction\":[{\"@type\":\"ReadAction\",\"target\":[\"https:\/\/migliorosso.com\/de\/prodotto\/prosecco-brut-doc\/\"]}]},{\"@type\":\"ImageObject\",\"inLanguage\":\"de\",\"@id\":\"https:\/\/migliorosso.com\/de\/prodotto\/prosecco-brut-doc\/#primaryimage\",\"url\":\"https:\/\/migliorosso.com\/wp-content\/uploads\/2021\/05\/Miglio-Rosso_Brut_def.jpg\",\"contentUrl\":\"https:\/\/migliorosso.com\/wp-content\/uploads\/2021\/05\/Miglio-Rosso_Brut_def.jpg\",\"width\":1000,\"height\":1000},{\"@type\":\"BreadcrumbList\",\"@id\":\"https:\/\/migliorosso.com\/de\/prodotto\/prosecco-brut-doc\/#breadcrumb\",\"itemListElement\":[{\"@type\":\"ListItem\",\"position\":1,\"name\":\"Home\",\"item\":\"https:\/\/migliorosso.com\/de\/\"},{\"@type\":\"ListItem\",\"position\":2,\"name\":\"Weine\",\"item\":\"https:\/\/migliorosso.com\/de\/wein\/\"},{\"@type\":\"ListItem\",\"position\":3,\"name\":\"Prosecco Brut Doc\"}]},{\"@type\":\"WebSite\",\"@id\":\"https:\/\/migliorosso.com\/de\/#website\",\"url\":\"https:\/\/migliorosso.com\/de\/\",\"name\":\"Miglio Rosso\",\"description\":\"Wine - Viticulture\",\"publisher\":{\"@id\":\"https:\/\/migliorosso.com\/de\/#organization\"},\"potentialAction\":[{\"@type\":\"SearchAction\",\"target\":{\"@type\":\"EntryPoint\",\"urlTemplate\":\"https:\/\/migliorosso.com\/de\/?s={search_term_string}\"},\"query-input\":{\"@type\":\"PropertyValueSpecification\",\"valueRequired\":true,\"valueName\":\"search_term_string\"}}],\"inLanguage\":\"de\"},{\"@type\":\"Organization\",\"@id\":\"https:\/\/migliorosso.com\/de\/#organization\",\"name\":\"Miglio Rosso\",\"url\":\"https:\/\/migliorosso.com\/de\/\",\"logo\":{\"@type\":\"ImageObject\",\"inLanguage\":\"de\",\"@id\":\"https:\/\/migliorosso.com\/de\/#\/schema\/logo\/image\/\",\"url\":\"https:\/\/migliorosso.com\/wp-content\/uploads\/2021\/03\/cropped-Logo_RD.png\",\"contentUrl\":\"https:\/\/migliorosso.com\/wp-content\/uploads\/2021\/03\/cropped-Logo_RD.png\",\"width\":512,\"height\":512,\"caption\":\"Miglio Rosso\"},\"image\":{\"@id\":\"https:\/\/migliorosso.com\/de\/#\/schema\/logo\/image\/\"},\"sameAs\":[\"https:\/\/www.facebook.com\/migliorossojesolo\",\"https:\/\/www.instagram.com\/miglio.rosso\/\"]}]}<\/script>\n<!-- \/ Yoast SEO plugin. -->","yoast_head_json":{"title":"Prosecco Brut Doc - Miglio Rosso","description":"Perfetto anche a tutto pasto, il Prosecco Brut DOC Millesimato Miglio Rosso si contraddistingue per profumi intensi, grande freschezza e un colore brillante.","robots":{"index":"index","follow":"follow","max-snippet":"max-snippet:-1","max-image-preview":"max-image-preview:large","max-video-preview":"max-video-preview:-1"},"canonical":"https:\/\/migliorosso.com\/de\/prodotto\/prosecco-brut-doc\/","og_locale":"de_DE","og_type":"article","og_title":"Prosecco Brut Doc - Miglio Rosso","og_description":"Perfetto anche a tutto pasto, il Prosecco Brut DOC Millesimato Miglio Rosso si contraddistingue per profumi intensi, grande freschezza e un colore brillante.","og_url":"https:\/\/migliorosso.com\/de\/prodotto\/prosecco-brut-doc\/","og_site_name":"Miglio Rosso","article_publisher":"https:\/\/www.facebook.com\/migliorossojesolo","article_modified_time":"2023-01-04T16:34:12+00:00","og_image":[{"width":1000,"height":1000,"url":"https:\/\/migliorosso.com\/wp-content\/uploads\/2021\/05\/Miglio-Rosso_Brut_def.jpg","type":"image\/jpeg"}],"twitter_card":"summary_large_image","twitter_misc":{"Gesch\u00e4tzte Lesezeit":"1\u00a0Minute"},"schema":{"@context":"https:\/\/schema.org","@graph":[{"@type":"WebPage","@id":"https:\/\/migliorosso.com\/de\/prodotto\/prosecco-brut-doc\/","url":"https:\/\/migliorosso.com\/de\/prodotto\/prosecco-brut-doc\/","name":"Prosecco Brut Doc - Miglio Rosso","isPartOf":{"@id":"https:\/\/migliorosso.com\/de\/#website"},"primaryImageOfPage":{"@id":"https:\/\/migliorosso.com\/de\/prodotto\/prosecco-brut-doc\/#primaryimage"},"image":{"@id":"https:\/\/migliorosso.com\/de\/prodotto\/prosecco-brut-doc\/#primaryimage"},"thumbnailUrl":"https:\/\/migliorosso.com\/wp-content\/uploads\/2021\/05\/Miglio-Rosso_Brut_def.jpg","datePublished":"2021-05-18T19:14:42+00:00","dateModified":"2023-01-04T16:34:12+00:00","description":"Perfetto anche a tutto pasto, il Prosecco Brut DOC Millesimato Miglio Rosso si contraddistingue per profumi intensi, grande freschezza e un colore brillante.","breadcrumb":{"@id":"https:\/\/migliorosso.com\/de\/prodotto\/prosecco-brut-doc\/#breadcrumb"},"inLanguage":"de","potentialAction":[{"@type":"ReadAction","target":["https:\/\/migliorosso.com\/de\/prodotto\/prosecco-brut-doc\/"]}]},{"@type":"ImageObject","inLanguage":"de","@id":"https:\/\/migliorosso.com\/de\/prodotto\/prosecco-brut-doc\/#primaryimage","url":"https:\/\/migliorosso.com\/wp-content\/uploads\/2021\/05\/Miglio-Rosso_Brut_def.jpg","contentUrl":"https:\/\/migliorosso.com\/wp-content\/uploads\/2021\/05\/Miglio-Rosso_Brut_def.jpg","width":1000,"height":1000},{"@type":"BreadcrumbList","@id":"https:\/\/migliorosso.com\/de\/prodotto\/prosecco-brut-doc\/#breadcrumb","itemListElement":[{"@type":"ListItem","position":1,"name":"Home","item":"https:\/\/migliorosso.com\/de\/"},{"@type":"ListItem","position":2,"name":"Weine","item":"https:\/\/migliorosso.com\/de\/wein\/"},{"@type":"ListItem","position":3,"name":"Prosecco Brut Doc"}]},{"@type":"WebSite","@id":"https:\/\/migliorosso.com\/de\/#website","url":"https:\/\/migliorosso.com\/de\/","name":"Miglio Rosso","description":"Wine - Viticulture","publisher":{"@id":"https:\/\/migliorosso.com\/de\/#organization"},"potentialAction":[{"@type":"SearchAction","target":{"@type":"EntryPoint","urlTemplate":"https:\/\/migliorosso.com\/de\/?s={search_term_string}"},"query-input":{"@type":"PropertyValueSpecification","valueRequired":true,"valueName":"search_term_string"}}],"inLanguage":"de"},{"@type":"Organization","@id":"https:\/\/migliorosso.com\/de\/#organization","name":"Miglio Rosso","url":"https:\/\/migliorosso.com\/de\/","logo":{"@type":"ImageObject","inLanguage":"de","@id":"https:\/\/migliorosso.com\/de\/#\/schema\/logo\/image\/","url":"https:\/\/migliorosso.com\/wp-content\/uploads\/2021\/03\/cropped-Logo_RD.png","contentUrl":"https:\/\/migliorosso.com\/wp-content\/uploads\/2021\/03\/cropped-Logo_RD.png","width":512,"height":512,"caption":"Miglio Rosso"},"image":{"@id":"https:\/\/migliorosso.com\/de\/#\/schema\/logo\/image\/"},"sameAs":["https:\/\/www.facebook.com\/migliorossojesolo","https:\/\/www.instagram.com\/miglio.rosso\/"]}]}},"_links":{"self":[{"href":"https:\/\/migliorosso.com\/de\/wp-json\/wp\/v2\/product\/1343","targetHints":{"allow":["GET"]}}],"collection":[{"href":"https:\/\/migliorosso.com\/de\/wp-json\/wp\/v2\/product"}],"about":[{"href":"https:\/\/migliorosso.com\/de\/wp-json\/wp\/v2\/types\/product"}],"wp:featuredmedia":[{"embeddable":true,"href":"https:\/\/migliorosso.com\/de\/wp-json\/wp\/v2\/media\/1278"}],"wp:attachment":[{"href":"https:\/\/migliorosso.com\/de\/wp-json\/wp\/v2\/media?parent=1343"}],"wp:term":[{"taxonomy":"product_brand","embeddable":true,"href":"https:\/\/migliorosso.com\/de\/wp-json\/wp\/v2\/product_brand?post=1343"},{"taxonomy":"product_cat","embeddable":true,"href":"https:\/\/migliorosso.com\/de\/wp-json\/wp\/v2\/product_cat?post=1343"},{"taxonomy":"product_tag","embeddable":true,"href":"https:\/\/migliorosso.com\/de\/wp-json\/wp\/v2\/product_tag?post=1343"},{"taxonomy":"giftcard-category","embeddable":true,"href":"https:\/\/migliorosso.com\/de\/wp-json\/wp\/v2\/giftcard-category?post=1343"}],"curies":[{"name":"wp","href":"https:\/\/api.w.org\/{rel}","templated":true}]}}