{"id":1338,"date":"2021-05-18T19:44:19","date_gmt":"2021-05-18T19:44:19","guid":{"rendered":"https:\/\/migliorosso.com\/prodotto\/chardonnay-doc\/"},"modified":"2022-04-20T20:32:22","modified_gmt":"2022-04-20T20:32:22","slug":"chardonnay-doc","status":"publish","type":"product","link":"https:\/\/migliorosso.com\/de\/prodotto\/chardonnay-doc\/","title":{"rendered":"Chardonnay Doc"},"content":{"rendered":"[vc_row type=&#8220;full_width_background&#8220; full_screen_row_position=&#8220;middle&#8220; column_margin=&#8220;default&#8220; column_direction=&#8220;default&#8220; column_direction_tablet=&#8220;default&#8220; column_direction_phone=&#8220;default&#8220; scene_position=&#8220;center&#8220; top_padding=&#8220;4%&#8220; bottom_padding=&#8220;4%&#8220; text_color=&#8220;dark&#8220; text_align=&#8220;left&#8220; row_border_radius=&#8220;none&#8220; row_border_radius_applies=&#8220;bg&#8220; overlay_strength=&#8220;0.3&#8243; gradient_direction=&#8220;left_to_right&#8220; shape_divider_position=&#8220;bottom&#8220; bg_image_animation=&#8220;none&#8220; shape_type=&#8220;&#8220;][vc_column column_padding=&#8220;padding-10-percent&#8220; column_padding_tablet=&#8220;inherit&#8220; column_padding_phone=&#8220;inherit&#8220; column_padding_position=&#8220;top-right&#8220; centered_text=&#8220;true&#8220; background_color_opacity=&#8220;1&#8243; background_hover_color_opacity=&#8220;1&#8243; column_shadow=&#8220;none&#8220; column_border_radius=&#8220;none&#8220; column_link_target=&#8220;_self&#8220; gradient_direction=&#8220;left_to_right&#8220; overlay_strength=&#8220;0.3&#8243; width=&#8220;1\/2&#8243; tablet_width_inherit=&#8220;default&#8220; tablet_text_alignment=&#8220;default&#8220; phone_text_alignment=&#8220;default&#8220; column_border_width=&#8220;none&#8220; column_border_style=&#8220;solid&#8220; bg_image_animation=&#8220;none&#8220;][vc_column_text]\n[\/vc_column_text][\/vc_column][vc_column column_padding=&#8220;no-extra-padding&#8220; column_padding_tablet=&#8220;inherit&#8220; column_padding_phone=&#8220;inherit&#8220; column_padding_position=&#8220;all&#8220; background_color_opacity=&#8220;1&#8243; background_hover_color_opacity=&#8220;1&#8243; column_shadow=&#8220;none&#8220; column_border_radius=&#8220;none&#8220; column_link_target=&#8220;_self&#8220; gradient_direction=&#8220;left_to_right&#8220; overlay_strength=&#8220;0.3&#8243; width=&#8220;1\/2&#8243; tablet_width_inherit=&#8220;default&#8220; tablet_text_alignment=&#8220;default&#8220; phone_text_alignment=&#8220;default&#8220; column_border_width=&#8220;none&#8220; column_border_style=&#8220;solid&#8220; bg_image_animation=&#8220;none&#8220;][image_with_animation image_url=&#8220;938&#8243; animation=&#8220;Fade In&#8220; hover_animation=&#8220;none&#8220; alignment=&#8220;&#8220; border_radius=&#8220;none&#8220; box_shadow=&#8220;none&#8220; image_loading=&#8220;default&#8220; max_width=&#8220;100%&#8220; max_width_mobile=&#8220;default&#8220;][\/vc_column][\/vc_row]\n","protected":false},"excerpt":{"rendered":"<div class=\"page\" title=\"Page 1\">\n<div class=\"section\">\n<div class=\"layoutArea\">\n<div class=\"column\">\n<div class=\"page\" title=\"Page 1\">\n<div class=\"section\">\n<div class=\"layoutArea\">\n<div class=\"column\">\n<div class=\"page\" title=\"Page 1\">\n<div class=\"section\">\n<div class=\"layoutArea\">\n<div class=\"column\">\n<div class=\"page\" title=\"Page 1\">\n<div class=\"section\">\n<div class=\"layoutArea\">\n<div class=\"column\">\n<div class=\"page\" title=\"Page 1\">\n<div class=\"section\">\n<div class=\"layoutArea\">\n<div class=\"column\">\n<p>Mindestbestellmenge 6 Flaschen (auch gemischt).<\/p>\n<p>&nbsp;<\/p>\n<p><strong>ORGANOLEPTISCHE EIGENSCHAFTEN<\/strong>: Ein voller und harmonischer Wein, ausgewogen und elegant. Er wird umh\u00fcllt von einem Strau\u00df an hellen Fr\u00fcchten mit zarten D\u00fcften, w\u00fcrzig und sauer, dank dem Einfluss der Meeresbrisen.<\/p>\n<p><strong>TEMPERATURA DI SERVIZIO<\/strong>: 8-10\u00b0C, in calici di media ampiezza.<\/p>\n<p><strong>FARBE<\/strong>: Intensives Strohgelb<\/p>\n<p><strong>UVE<\/strong>: 100% Chardonnay.<\/p>\n<p><strong>ALKOHOLGEHALT<\/strong>: 12,5%.<\/p>\n<p><a href=\"http:\/\/migliorosso.com\/wp-content\/uploads\/2021\/11\/CHARDO1.pdf\"><strong>Laden Sie hier das Datenblatt herunter.<\/strong><\/a><\/p>\n<\/div>\n<\/div>\n<\/div>\n<\/div>\n<\/div>\n<\/div>\n<\/div>\n<\/div>\n<\/div>\n<\/div>\n<\/div>\n<\/div>\n<\/div>\n<\/div>\n<\/div>\n<\/div>\n<\/div>\n<\/div>\n<\/div>\n<\/div>\n","protected":false},"featured_media":1280,"template":"","meta":[],"product_brand":[],"product_cat":[49],"product_tag":[],"giftcard-category":[],"class_list":{"0":"post-1338","1":"product","2":"type-product","3":"status-publish","4":"has-post-thumbnail","6":"product_cat-wein","8":"first","9":"instock","10":"taxable","11":"shipping-taxable","12":"purchasable","13":"product-type-simple"},"yoast_head":"<!-- This site is optimized with the Yoast SEO plugin v26.3 - https:\/\/yoast.com\/wordpress\/plugins\/seo\/ -->\n<title>Chardonnay Doc - Miglio Rosso<\/title>\n<meta name=\"description\" content=\"Il miglior modo di portare in tavola la brezza marina \u00e8 scegliere un buon vino da abbinare con pesce e crostacei, come lo Chardonnay DOC Venezia Millesimato Miglio Rosso.\" \/>\n<meta name=\"robots\" content=\"index, follow, max-snippet:-1, max-image-preview:large, max-video-preview:-1\" \/>\n<link rel=\"canonical\" href=\"https:\/\/migliorosso.com\/de\/prodotto\/chardonnay-doc\/\" \/>\n<meta property=\"og:locale\" content=\"de_DE\" \/>\n<meta property=\"og:type\" content=\"article\" \/>\n<meta property=\"og:title\" content=\"Chardonnay Doc - Miglio Rosso\" \/>\n<meta property=\"og:description\" content=\"Il miglior modo di portare in tavola la brezza marina \u00e8 scegliere un buon vino da abbinare con pesce e crostacei, come lo Chardonnay DOC Venezia Millesimato Miglio Rosso.\" \/>\n<meta property=\"og:url\" content=\"https:\/\/migliorosso.com\/de\/prodotto\/chardonnay-doc\/\" \/>\n<meta property=\"og:site_name\" content=\"Miglio Rosso\" \/>\n<meta property=\"article:publisher\" content=\"https:\/\/www.facebook.com\/migliorossojesolo\" \/>\n<meta property=\"article:modified_time\" content=\"2022-04-20T20:32:22+00:00\" \/>\n<meta property=\"og:image\" content=\"https:\/\/migliorosso.com\/wp-content\/uploads\/2021\/05\/Miglio-Rosso_Chardonnay_def.jpg\" \/>\n\t<meta property=\"og:image:width\" content=\"1000\" \/>\n\t<meta property=\"og:image:height\" content=\"1000\" \/>\n\t<meta property=\"og:image:type\" content=\"image\/jpeg\" \/>\n<meta name=\"twitter:card\" content=\"summary_large_image\" \/>\n<meta name=\"twitter:label1\" content=\"Gesch\u00e4tzte Lesezeit\" \/>\n\t<meta name=\"twitter:data1\" content=\"1\u00a0Minute\" \/>\n<script type=\"application\/ld+json\" class=\"yoast-schema-graph\">{\"@context\":\"https:\/\/schema.org\",\"@graph\":[{\"@type\":\"WebPage\",\"@id\":\"https:\/\/migliorosso.com\/de\/prodotto\/chardonnay-doc\/\",\"url\":\"https:\/\/migliorosso.com\/de\/prodotto\/chardonnay-doc\/\",\"name\":\"Chardonnay Doc - Miglio Rosso\",\"isPartOf\":{\"@id\":\"https:\/\/migliorosso.com\/de\/#website\"},\"primaryImageOfPage\":{\"@id\":\"https:\/\/migliorosso.com\/de\/prodotto\/chardonnay-doc\/#primaryimage\"},\"image\":{\"@id\":\"https:\/\/migliorosso.com\/de\/prodotto\/chardonnay-doc\/#primaryimage\"},\"thumbnailUrl\":\"https:\/\/migliorosso.com\/wp-content\/uploads\/2021\/05\/Miglio-Rosso_Chardonnay_def.jpg\",\"datePublished\":\"2021-05-18T19:44:19+00:00\",\"dateModified\":\"2022-04-20T20:32:22+00:00\",\"description\":\"Il miglior modo di portare in tavola la brezza marina \u00e8 scegliere un buon vino da abbinare con pesce e crostacei, come lo Chardonnay DOC Venezia Millesimato Miglio Rosso.\",\"breadcrumb\":{\"@id\":\"https:\/\/migliorosso.com\/de\/prodotto\/chardonnay-doc\/#breadcrumb\"},\"inLanguage\":\"de\",\"potentialAction\":[{\"@type\":\"ReadAction\",\"target\":[\"https:\/\/migliorosso.com\/de\/prodotto\/chardonnay-doc\/\"]}]},{\"@type\":\"ImageObject\",\"inLanguage\":\"de\",\"@id\":\"https:\/\/migliorosso.com\/de\/prodotto\/chardonnay-doc\/#primaryimage\",\"url\":\"https:\/\/migliorosso.com\/wp-content\/uploads\/2021\/05\/Miglio-Rosso_Chardonnay_def.jpg\",\"contentUrl\":\"https:\/\/migliorosso.com\/wp-content\/uploads\/2021\/05\/Miglio-Rosso_Chardonnay_def.jpg\",\"width\":1000,\"height\":1000},{\"@type\":\"BreadcrumbList\",\"@id\":\"https:\/\/migliorosso.com\/de\/prodotto\/chardonnay-doc\/#breadcrumb\",\"itemListElement\":[{\"@type\":\"ListItem\",\"position\":1,\"name\":\"Home\",\"item\":\"https:\/\/migliorosso.com\/de\/\"},{\"@type\":\"ListItem\",\"position\":2,\"name\":\"Weine\",\"item\":\"https:\/\/migliorosso.com\/de\/wein\/\"},{\"@type\":\"ListItem\",\"position\":3,\"name\":\"Chardonnay Doc\"}]},{\"@type\":\"WebSite\",\"@id\":\"https:\/\/migliorosso.com\/de\/#website\",\"url\":\"https:\/\/migliorosso.com\/de\/\",\"name\":\"Miglio Rosso\",\"description\":\"Wine - Viticulture\",\"publisher\":{\"@id\":\"https:\/\/migliorosso.com\/de\/#organization\"},\"potentialAction\":[{\"@type\":\"SearchAction\",\"target\":{\"@type\":\"EntryPoint\",\"urlTemplate\":\"https:\/\/migliorosso.com\/de\/?s={search_term_string}\"},\"query-input\":{\"@type\":\"PropertyValueSpecification\",\"valueRequired\":true,\"valueName\":\"search_term_string\"}}],\"inLanguage\":\"de\"},{\"@type\":\"Organization\",\"@id\":\"https:\/\/migliorosso.com\/de\/#organization\",\"name\":\"Miglio Rosso\",\"url\":\"https:\/\/migliorosso.com\/de\/\",\"logo\":{\"@type\":\"ImageObject\",\"inLanguage\":\"de\",\"@id\":\"https:\/\/migliorosso.com\/de\/#\/schema\/logo\/image\/\",\"url\":\"https:\/\/migliorosso.com\/wp-content\/uploads\/2021\/03\/cropped-Logo_RD.png\",\"contentUrl\":\"https:\/\/migliorosso.com\/wp-content\/uploads\/2021\/03\/cropped-Logo_RD.png\",\"width\":512,\"height\":512,\"caption\":\"Miglio Rosso\"},\"image\":{\"@id\":\"https:\/\/migliorosso.com\/de\/#\/schema\/logo\/image\/\"},\"sameAs\":[\"https:\/\/www.facebook.com\/migliorossojesolo\",\"https:\/\/www.instagram.com\/miglio.rosso\/\"]}]}<\/script>\n<!-- \/ Yoast SEO plugin. -->","yoast_head_json":{"title":"Chardonnay Doc - Miglio Rosso","description":"Il miglior modo di portare in tavola la brezza marina \u00e8 scegliere un buon vino da abbinare con pesce e crostacei, come lo Chardonnay DOC Venezia Millesimato Miglio Rosso.","robots":{"index":"index","follow":"follow","max-snippet":"max-snippet:-1","max-image-preview":"max-image-preview:large","max-video-preview":"max-video-preview:-1"},"canonical":"https:\/\/migliorosso.com\/de\/prodotto\/chardonnay-doc\/","og_locale":"de_DE","og_type":"article","og_title":"Chardonnay Doc - Miglio Rosso","og_description":"Il miglior modo di portare in tavola la brezza marina \u00e8 scegliere un buon vino da abbinare con pesce e crostacei, come lo Chardonnay DOC Venezia Millesimato Miglio Rosso.","og_url":"https:\/\/migliorosso.com\/de\/prodotto\/chardonnay-doc\/","og_site_name":"Miglio Rosso","article_publisher":"https:\/\/www.facebook.com\/migliorossojesolo","article_modified_time":"2022-04-20T20:32:22+00:00","og_image":[{"width":1000,"height":1000,"url":"https:\/\/migliorosso.com\/wp-content\/uploads\/2021\/05\/Miglio-Rosso_Chardonnay_def.jpg","type":"image\/jpeg"}],"twitter_card":"summary_large_image","twitter_misc":{"Gesch\u00e4tzte Lesezeit":"1\u00a0Minute"},"schema":{"@context":"https:\/\/schema.org","@graph":[{"@type":"WebPage","@id":"https:\/\/migliorosso.com\/de\/prodotto\/chardonnay-doc\/","url":"https:\/\/migliorosso.com\/de\/prodotto\/chardonnay-doc\/","name":"Chardonnay Doc - Miglio Rosso","isPartOf":{"@id":"https:\/\/migliorosso.com\/de\/#website"},"primaryImageOfPage":{"@id":"https:\/\/migliorosso.com\/de\/prodotto\/chardonnay-doc\/#primaryimage"},"image":{"@id":"https:\/\/migliorosso.com\/de\/prodotto\/chardonnay-doc\/#primaryimage"},"thumbnailUrl":"https:\/\/migliorosso.com\/wp-content\/uploads\/2021\/05\/Miglio-Rosso_Chardonnay_def.jpg","datePublished":"2021-05-18T19:44:19+00:00","dateModified":"2022-04-20T20:32:22+00:00","description":"Il miglior modo di portare in tavola la brezza marina \u00e8 scegliere un buon vino da abbinare con pesce e crostacei, come lo Chardonnay DOC Venezia Millesimato Miglio Rosso.","breadcrumb":{"@id":"https:\/\/migliorosso.com\/de\/prodotto\/chardonnay-doc\/#breadcrumb"},"inLanguage":"de","potentialAction":[{"@type":"ReadAction","target":["https:\/\/migliorosso.com\/de\/prodotto\/chardonnay-doc\/"]}]},{"@type":"ImageObject","inLanguage":"de","@id":"https:\/\/migliorosso.com\/de\/prodotto\/chardonnay-doc\/#primaryimage","url":"https:\/\/migliorosso.com\/wp-content\/uploads\/2021\/05\/Miglio-Rosso_Chardonnay_def.jpg","contentUrl":"https:\/\/migliorosso.com\/wp-content\/uploads\/2021\/05\/Miglio-Rosso_Chardonnay_def.jpg","width":1000,"height":1000},{"@type":"BreadcrumbList","@id":"https:\/\/migliorosso.com\/de\/prodotto\/chardonnay-doc\/#breadcrumb","itemListElement":[{"@type":"ListItem","position":1,"name":"Home","item":"https:\/\/migliorosso.com\/de\/"},{"@type":"ListItem","position":2,"name":"Weine","item":"https:\/\/migliorosso.com\/de\/wein\/"},{"@type":"ListItem","position":3,"name":"Chardonnay Doc"}]},{"@type":"WebSite","@id":"https:\/\/migliorosso.com\/de\/#website","url":"https:\/\/migliorosso.com\/de\/","name":"Miglio Rosso","description":"Wine - Viticulture","publisher":{"@id":"https:\/\/migliorosso.com\/de\/#organization"},"potentialAction":[{"@type":"SearchAction","target":{"@type":"EntryPoint","urlTemplate":"https:\/\/migliorosso.com\/de\/?s={search_term_string}"},"query-input":{"@type":"PropertyValueSpecification","valueRequired":true,"valueName":"search_term_string"}}],"inLanguage":"de"},{"@type":"Organization","@id":"https:\/\/migliorosso.com\/de\/#organization","name":"Miglio Rosso","url":"https:\/\/migliorosso.com\/de\/","logo":{"@type":"ImageObject","inLanguage":"de","@id":"https:\/\/migliorosso.com\/de\/#\/schema\/logo\/image\/","url":"https:\/\/migliorosso.com\/wp-content\/uploads\/2021\/03\/cropped-Logo_RD.png","contentUrl":"https:\/\/migliorosso.com\/wp-content\/uploads\/2021\/03\/cropped-Logo_RD.png","width":512,"height":512,"caption":"Miglio Rosso"},"image":{"@id":"https:\/\/migliorosso.com\/de\/#\/schema\/logo\/image\/"},"sameAs":["https:\/\/www.facebook.com\/migliorossojesolo","https:\/\/www.instagram.com\/miglio.rosso\/"]}]}},"_links":{"self":[{"href":"https:\/\/migliorosso.com\/de\/wp-json\/wp\/v2\/product\/1338","targetHints":{"allow":["GET"]}}],"collection":[{"href":"https:\/\/migliorosso.com\/de\/wp-json\/wp\/v2\/product"}],"about":[{"href":"https:\/\/migliorosso.com\/de\/wp-json\/wp\/v2\/types\/product"}],"wp:featuredmedia":[{"embeddable":true,"href":"https:\/\/migliorosso.com\/de\/wp-json\/wp\/v2\/media\/1280"}],"wp:attachment":[{"href":"https:\/\/migliorosso.com\/de\/wp-json\/wp\/v2\/media?parent=1338"}],"wp:term":[{"taxonomy":"product_brand","embeddable":true,"href":"https:\/\/migliorosso.com\/de\/wp-json\/wp\/v2\/product_brand?post=1338"},{"taxonomy":"product_cat","embeddable":true,"href":"https:\/\/migliorosso.com\/de\/wp-json\/wp\/v2\/product_cat?post=1338"},{"taxonomy":"product_tag","embeddable":true,"href":"https:\/\/migliorosso.com\/de\/wp-json\/wp\/v2\/product_tag?post=1338"},{"taxonomy":"giftcard-category","embeddable":true,"href":"https:\/\/migliorosso.com\/de\/wp-json\/wp\/v2\/giftcard-category?post=1338"}],"curies":[{"name":"wp","href":"https:\/\/api.w.org\/{rel}","templated":true}]}}