{"id":1336,"date":"2021-12-04T17:15:52","date_gmt":"2021-12-04T17:15:52","guid":{"rendered":"https:\/\/migliorosso.com\/prodotto\/gift-card-miglio-rosso\/"},"modified":"2022-07-12T10:43:34","modified_gmt":"2022-07-12T10:43:34","slug":"gift-card-miglio-rosso","status":"publish","type":"product","link":"https:\/\/migliorosso.com\/de\/prodotto\/gift-card-miglio-rosso\/","title":{"rendered":"Geschenkgutschein Miglio Rosso"},"content":{"rendered":"","protected":false},"excerpt":{"rendered":"<p>Oft ist es das beste Geschenk, den Empf\u00e4ngern die Freiheit zu geben, selbst zu w\u00e4hlen. Die <strong>Rothirse-Geschenkkarte<\/strong>, erh\u00e4ltlich mit 3 verschiedenen Betr\u00e4gen, ist das perfekte Geschenk f\u00fcr jeden Anlass.<\/p>\n<p>Sie k\u00f6nnen damit Prosecco und Miglio Rosso Veneto-Weine in unserem E-Shop kaufen oder den Betrag in unserem Weingut einl\u00f6sen, indem Sie eine Verkostung buchen.<\/p>\n","protected":false},"featured_media":1294,"template":"","meta":[],"product_brand":[],"product_cat":[48],"product_tag":[],"giftcard-category":[],"class_list":{"0":"post-1336","1":"product","2":"type-product","3":"status-publish","4":"has-post-thumbnail","6":"product_cat-gift-de","8":"first","9":"instock","10":"virtual","11":"taxable","12":"purchasable","13":"product-type-gift-card"},"yoast_head":"<!-- This site is optimized with the Yoast SEO plugin v26.3 - https:\/\/yoast.com\/wordpress\/plugins\/seo\/ -->\n<title>Geschenkgutschein Miglio Rosso - Miglio Rosso<\/title>\n<meta name=\"description\" content=\"Verschenken Sie die Miglio Rosso Geschenkkarte, ein immer willkommenes Geschenk f\u00fcr Kollegen, Verwandte und Freunde, die guten Wein, die Natur und die Freuden der Geselligkeit lieben.\" \/>\n<meta name=\"robots\" content=\"index, follow, max-snippet:-1, max-image-preview:large, max-video-preview:-1\" \/>\n<link rel=\"canonical\" href=\"https:\/\/migliorosso.com\/de\/prodotto\/gift-card-miglio-rosso\/\" \/>\n<meta property=\"og:locale\" content=\"de_DE\" \/>\n<meta property=\"og:type\" content=\"article\" \/>\n<meta property=\"og:title\" content=\"Geschenkgutschein Miglio Rosso - Miglio Rosso\" \/>\n<meta property=\"og:description\" content=\"Verschenken Sie die Miglio Rosso Geschenkkarte, ein immer willkommenes Geschenk f\u00fcr Kollegen, Verwandte und Freunde, die guten Wein, die Natur und die Freuden der Geselligkeit lieben.\" \/>\n<meta property=\"og:url\" content=\"https:\/\/migliorosso.com\/de\/prodotto\/gift-card-miglio-rosso\/\" \/>\n<meta property=\"og:site_name\" content=\"Miglio Rosso\" \/>\n<meta property=\"article:publisher\" content=\"https:\/\/www.facebook.com\/migliorossojesolo\" \/>\n<meta property=\"article:modified_time\" content=\"2022-07-12T10:43:34+00:00\" \/>\n<meta property=\"og:image\" content=\"https:\/\/migliorosso.com\/wp-content\/uploads\/2021\/12\/Gift-Card-Miglio-Rosso-2022-New.png\" \/>\n\t<meta property=\"og:image:width\" content=\"714\" \/>\n\t<meta property=\"og:image:height\" content=\"714\" \/>\n\t<meta property=\"og:image:type\" content=\"image\/png\" \/>\n<meta name=\"twitter:card\" content=\"summary_large_image\" \/>\n<script type=\"application\/ld+json\" class=\"yoast-schema-graph\">{\"@context\":\"https:\/\/schema.org\",\"@graph\":[{\"@type\":\"WebPage\",\"@id\":\"https:\/\/migliorosso.com\/de\/prodotto\/gift-card-miglio-rosso\/\",\"url\":\"https:\/\/migliorosso.com\/de\/prodotto\/gift-card-miglio-rosso\/\",\"name\":\"Geschenkgutschein Miglio Rosso - Miglio Rosso\",\"isPartOf\":{\"@id\":\"https:\/\/migliorosso.com\/de\/#website\"},\"primaryImageOfPage\":{\"@id\":\"https:\/\/migliorosso.com\/de\/prodotto\/gift-card-miglio-rosso\/#primaryimage\"},\"image\":{\"@id\":\"https:\/\/migliorosso.com\/de\/prodotto\/gift-card-miglio-rosso\/#primaryimage\"},\"thumbnailUrl\":\"https:\/\/migliorosso.com\/wp-content\/uploads\/2021\/12\/Gift-Card-Miglio-Rosso-2022-New.png\",\"datePublished\":\"2021-12-04T17:15:52+00:00\",\"dateModified\":\"2022-07-12T10:43:34+00:00\",\"description\":\"Verschenken Sie die Miglio Rosso Geschenkkarte, ein immer willkommenes Geschenk f\u00fcr Kollegen, Verwandte und Freunde, die guten Wein, die Natur und die Freuden der Geselligkeit lieben.\",\"breadcrumb\":{\"@id\":\"https:\/\/migliorosso.com\/de\/prodotto\/gift-card-miglio-rosso\/#breadcrumb\"},\"inLanguage\":\"de\",\"potentialAction\":[{\"@type\":\"ReadAction\",\"target\":[\"https:\/\/migliorosso.com\/de\/prodotto\/gift-card-miglio-rosso\/\"]}]},{\"@type\":\"ImageObject\",\"inLanguage\":\"de\",\"@id\":\"https:\/\/migliorosso.com\/de\/prodotto\/gift-card-miglio-rosso\/#primaryimage\",\"url\":\"https:\/\/migliorosso.com\/wp-content\/uploads\/2021\/12\/Gift-Card-Miglio-Rosso-2022-New.png\",\"contentUrl\":\"https:\/\/migliorosso.com\/wp-content\/uploads\/2021\/12\/Gift-Card-Miglio-Rosso-2022-New.png\",\"width\":714,\"height\":714},{\"@type\":\"BreadcrumbList\",\"@id\":\"https:\/\/migliorosso.com\/de\/prodotto\/gift-card-miglio-rosso\/#breadcrumb\",\"itemListElement\":[{\"@type\":\"ListItem\",\"position\":1,\"name\":\"Home\",\"item\":\"https:\/\/migliorosso.com\/de\/\"},{\"@type\":\"ListItem\",\"position\":2,\"name\":\"Weine\",\"item\":\"https:\/\/migliorosso.com\/de\/wein\/\"},{\"@type\":\"ListItem\",\"position\":3,\"name\":\"Geschenkgutschein Miglio Rosso\"}]},{\"@type\":\"WebSite\",\"@id\":\"https:\/\/migliorosso.com\/de\/#website\",\"url\":\"https:\/\/migliorosso.com\/de\/\",\"name\":\"Miglio Rosso\",\"description\":\"Wine - Viticulture\",\"publisher\":{\"@id\":\"https:\/\/migliorosso.com\/de\/#organization\"},\"potentialAction\":[{\"@type\":\"SearchAction\",\"target\":{\"@type\":\"EntryPoint\",\"urlTemplate\":\"https:\/\/migliorosso.com\/de\/?s={search_term_string}\"},\"query-input\":{\"@type\":\"PropertyValueSpecification\",\"valueRequired\":true,\"valueName\":\"search_term_string\"}}],\"inLanguage\":\"de\"},{\"@type\":\"Organization\",\"@id\":\"https:\/\/migliorosso.com\/de\/#organization\",\"name\":\"Miglio Rosso\",\"url\":\"https:\/\/migliorosso.com\/de\/\",\"logo\":{\"@type\":\"ImageObject\",\"inLanguage\":\"de\",\"@id\":\"https:\/\/migliorosso.com\/de\/#\/schema\/logo\/image\/\",\"url\":\"https:\/\/migliorosso.com\/wp-content\/uploads\/2021\/03\/cropped-Logo_RD.png\",\"contentUrl\":\"https:\/\/migliorosso.com\/wp-content\/uploads\/2021\/03\/cropped-Logo_RD.png\",\"width\":512,\"height\":512,\"caption\":\"Miglio Rosso\"},\"image\":{\"@id\":\"https:\/\/migliorosso.com\/de\/#\/schema\/logo\/image\/\"},\"sameAs\":[\"https:\/\/www.facebook.com\/migliorossojesolo\",\"https:\/\/www.instagram.com\/miglio.rosso\/\"]}]}<\/script>\n<!-- \/ Yoast SEO plugin. -->","yoast_head_json":{"title":"Geschenkgutschein Miglio Rosso - Miglio Rosso","description":"Verschenken Sie die Miglio Rosso Geschenkkarte, ein immer willkommenes Geschenk f\u00fcr Kollegen, Verwandte und Freunde, die guten Wein, die Natur und die Freuden der Geselligkeit lieben.","robots":{"index":"index","follow":"follow","max-snippet":"max-snippet:-1","max-image-preview":"max-image-preview:large","max-video-preview":"max-video-preview:-1"},"canonical":"https:\/\/migliorosso.com\/de\/prodotto\/gift-card-miglio-rosso\/","og_locale":"de_DE","og_type":"article","og_title":"Geschenkgutschein Miglio Rosso - Miglio Rosso","og_description":"Verschenken Sie die Miglio Rosso Geschenkkarte, ein immer willkommenes Geschenk f\u00fcr Kollegen, Verwandte und Freunde, die guten Wein, die Natur und die Freuden der Geselligkeit lieben.","og_url":"https:\/\/migliorosso.com\/de\/prodotto\/gift-card-miglio-rosso\/","og_site_name":"Miglio Rosso","article_publisher":"https:\/\/www.facebook.com\/migliorossojesolo","article_modified_time":"2022-07-12T10:43:34+00:00","og_image":[{"width":714,"height":714,"url":"https:\/\/migliorosso.com\/wp-content\/uploads\/2021\/12\/Gift-Card-Miglio-Rosso-2022-New.png","type":"image\/png"}],"twitter_card":"summary_large_image","schema":{"@context":"https:\/\/schema.org","@graph":[{"@type":"WebPage","@id":"https:\/\/migliorosso.com\/de\/prodotto\/gift-card-miglio-rosso\/","url":"https:\/\/migliorosso.com\/de\/prodotto\/gift-card-miglio-rosso\/","name":"Geschenkgutschein Miglio Rosso - Miglio Rosso","isPartOf":{"@id":"https:\/\/migliorosso.com\/de\/#website"},"primaryImageOfPage":{"@id":"https:\/\/migliorosso.com\/de\/prodotto\/gift-card-miglio-rosso\/#primaryimage"},"image":{"@id":"https:\/\/migliorosso.com\/de\/prodotto\/gift-card-miglio-rosso\/#primaryimage"},"thumbnailUrl":"https:\/\/migliorosso.com\/wp-content\/uploads\/2021\/12\/Gift-Card-Miglio-Rosso-2022-New.png","datePublished":"2021-12-04T17:15:52+00:00","dateModified":"2022-07-12T10:43:34+00:00","description":"Verschenken Sie die Miglio Rosso Geschenkkarte, ein immer willkommenes Geschenk f\u00fcr Kollegen, Verwandte und Freunde, die guten Wein, die Natur und die Freuden der Geselligkeit lieben.","breadcrumb":{"@id":"https:\/\/migliorosso.com\/de\/prodotto\/gift-card-miglio-rosso\/#breadcrumb"},"inLanguage":"de","potentialAction":[{"@type":"ReadAction","target":["https:\/\/migliorosso.com\/de\/prodotto\/gift-card-miglio-rosso\/"]}]},{"@type":"ImageObject","inLanguage":"de","@id":"https:\/\/migliorosso.com\/de\/prodotto\/gift-card-miglio-rosso\/#primaryimage","url":"https:\/\/migliorosso.com\/wp-content\/uploads\/2021\/12\/Gift-Card-Miglio-Rosso-2022-New.png","contentUrl":"https:\/\/migliorosso.com\/wp-content\/uploads\/2021\/12\/Gift-Card-Miglio-Rosso-2022-New.png","width":714,"height":714},{"@type":"BreadcrumbList","@id":"https:\/\/migliorosso.com\/de\/prodotto\/gift-card-miglio-rosso\/#breadcrumb","itemListElement":[{"@type":"ListItem","position":1,"name":"Home","item":"https:\/\/migliorosso.com\/de\/"},{"@type":"ListItem","position":2,"name":"Weine","item":"https:\/\/migliorosso.com\/de\/wein\/"},{"@type":"ListItem","position":3,"name":"Geschenkgutschein Miglio Rosso"}]},{"@type":"WebSite","@id":"https:\/\/migliorosso.com\/de\/#website","url":"https:\/\/migliorosso.com\/de\/","name":"Miglio Rosso","description":"Wine - Viticulture","publisher":{"@id":"https:\/\/migliorosso.com\/de\/#organization"},"potentialAction":[{"@type":"SearchAction","target":{"@type":"EntryPoint","urlTemplate":"https:\/\/migliorosso.com\/de\/?s={search_term_string}"},"query-input":{"@type":"PropertyValueSpecification","valueRequired":true,"valueName":"search_term_string"}}],"inLanguage":"de"},{"@type":"Organization","@id":"https:\/\/migliorosso.com\/de\/#organization","name":"Miglio Rosso","url":"https:\/\/migliorosso.com\/de\/","logo":{"@type":"ImageObject","inLanguage":"de","@id":"https:\/\/migliorosso.com\/de\/#\/schema\/logo\/image\/","url":"https:\/\/migliorosso.com\/wp-content\/uploads\/2021\/03\/cropped-Logo_RD.png","contentUrl":"https:\/\/migliorosso.com\/wp-content\/uploads\/2021\/03\/cropped-Logo_RD.png","width":512,"height":512,"caption":"Miglio Rosso"},"image":{"@id":"https:\/\/migliorosso.com\/de\/#\/schema\/logo\/image\/"},"sameAs":["https:\/\/www.facebook.com\/migliorossojesolo","https:\/\/www.instagram.com\/miglio.rosso\/"]}]}},"_links":{"self":[{"href":"https:\/\/migliorosso.com\/de\/wp-json\/wp\/v2\/product\/1336","targetHints":{"allow":["GET"]}}],"collection":[{"href":"https:\/\/migliorosso.com\/de\/wp-json\/wp\/v2\/product"}],"about":[{"href":"https:\/\/migliorosso.com\/de\/wp-json\/wp\/v2\/types\/product"}],"wp:featuredmedia":[{"embeddable":true,"href":"https:\/\/migliorosso.com\/de\/wp-json\/wp\/v2\/media\/1294"}],"wp:attachment":[{"href":"https:\/\/migliorosso.com\/de\/wp-json\/wp\/v2\/media?parent=1336"}],"wp:term":[{"taxonomy":"product_brand","embeddable":true,"href":"https:\/\/migliorosso.com\/de\/wp-json\/wp\/v2\/product_brand?post=1336"},{"taxonomy":"product_cat","embeddable":true,"href":"https:\/\/migliorosso.com\/de\/wp-json\/wp\/v2\/product_cat?post=1336"},{"taxonomy":"product_tag","embeddable":true,"href":"https:\/\/migliorosso.com\/de\/wp-json\/wp\/v2\/product_tag?post=1336"},{"taxonomy":"giftcard-category","embeddable":true,"href":"https:\/\/migliorosso.com\/de\/wp-json\/wp\/v2\/giftcard-category?post=1336"}],"curies":[{"name":"wp","href":"https:\/\/api.w.org\/{rel}","templated":true}]}}