{"id":1351,"date":"2022-04-12T11:19:20","date_gmt":"2022-04-12T11:19:20","guid":{"rendered":"https:\/\/migliorosso.com\/newsletter\/"},"modified":"2022-04-12T11:26:57","modified_gmt":"2022-04-12T11:26:57","slug":"newsletter","status":"publish","type":"page","link":"https:\/\/migliorosso.com\/de\/newsletter\/","title":{"rendered":"Newsletter"},"content":{"rendered":"[vc_row type=&#8220;full_width_content&#8220; full_screen_row_position=&#8220;middle&#8220; column_margin=&#8220;default&#8220; equal_height=&#8220;yes&#8220; content_placement=&#8220;middle&#8220; column_direction=&#8220;default&#8220; column_direction_tablet=&#8220;default&#8220; column_direction_phone=&#8220;default&#8220; bg_color=&#8220;#ffffff&#8220; scene_position=&#8220;center&#8220; text_color=&#8220;dark&#8220; text_align=&#8220;left&#8220; row_border_radius=&#8220;none&#8220; row_border_radius_applies=&#8220;bg&#8220; overlay_strength=&#8220;0.3&#8243; gradient_direction=&#8220;left_to_right&#8220; shape_divider_position=&#8220;bottom&#8220; bg_image_animation=&#8220;none&#8220;][vc_column column_padding=&#8220;padding-10-percent&#8220; column_padding_tablet=&#8220;inherit&#8220; column_padding_phone=&#8220;inherit&#8220; column_padding_position=&#8220;all&#8220; background_color=&#8220;#f4f4f4&#8243; background_color_opacity=&#8220;1&#8243; background_hover_color_opacity=&#8220;1&#8243; column_shadow=&#8220;none&#8220; column_border_radius=&#8220;none&#8220; column_link_target=&#8220;_self&#8220; gradient_direction=&#8220;left_to_right&#8220; overlay_strength=&#8220;0.3&#8243; width=&#8220;1\/2&#8243; tablet_width_inherit=&#8220;default&#8220; tablet_text_alignment=&#8220;default&#8220; phone_text_alignment=&#8220;default&#8220; column_border_width=&#8220;none&#8220; column_border_style=&#8220;solid&#8220; bg_image_animation=&#8220;none&#8220;][vc_column_text]\n<h1>Registriere dich f\u00fcr unseren Newsletter<\/h1>\n<p>Sofort f\u00fcr Sie ein <strong>Gutschein, der Ihnen 15 %<\/strong> <strong>Rabatt<\/strong> auf Ihren ersten Online-Einkauf erm\u00f6glicht.<\/p>\n<p>Dar\u00fcber hinaus werden Sie \u00fcber Neuigkeiten, Neuigkeiten, Veranstaltungen und Verkostungen von Miglio Rosso informiert.<\/p>\n<p>Wir warten auf dich![\/vc_column_text][\/vc_column][vc_column column_padding=&#8220;padding-10-percent&#8220; column_padding_tablet=&#8220;inherit&#8220; column_padding_phone=&#8220;inherit&#8220; column_padding_position=&#8220;all&#8220; background_color=&#8220;#efefef&#8220; background_color_opacity=&#8220;1&#8243; background_hover_color_opacity=&#8220;1&#8243; column_shadow=&#8220;none&#8220; column_border_radius=&#8220;none&#8220; column_link_target=&#8220;_self&#8220; gradient_direction=&#8220;left_to_right&#8220; overlay_strength=&#8220;0.3&#8243; width=&#8220;1\/2&#8243; tablet_width_inherit=&#8220;default&#8220; tablet_text_alignment=&#8220;default&#8220; phone_text_alignment=&#8220;default&#8220; column_border_width=&#8220;none&#8220; column_border_style=&#8220;solid&#8220; bg_image_animation=&#8220;none&#8220;]\n<div class=\"wpcf7 no-js\" id=\"wpcf7-f1323-o1\" lang=\"de-DE\" dir=\"ltr\" data-wpcf7-id=\"1323\">\n<div class=\"screen-reader-response\"><p role=\"status\" aria-live=\"polite\" aria-atomic=\"true\"><\/p> <ul><\/ul><\/div>\n<form action=\"\/de\/wp-json\/wp\/v2\/pages\/1351#wpcf7-f1323-o1\" method=\"post\" class=\"wpcf7-form init\" aria-label=\"Kontaktformular\" novalidate=\"novalidate\" data-status=\"init\">\n<fieldset class=\"hidden-fields-container\"><input type=\"hidden\" name=\"_wpcf7\" value=\"1323\" \/><input type=\"hidden\" name=\"_wpcf7_version\" value=\"6.1.3\" \/><input type=\"hidden\" name=\"_wpcf7_locale\" value=\"de_DE\" \/><input type=\"hidden\" name=\"_wpcf7_unit_tag\" value=\"wpcf7-f1323-o1\" \/><input type=\"hidden\" name=\"_wpcf7_container_post\" value=\"0\" \/><input type=\"hidden\" name=\"_wpcf7_posted_data_hash\" value=\"\" \/><input type=\"hidden\" name=\"_wpcf7_recaptcha_response\" value=\"\" \/>\n<\/fieldset>\n<p><label> Name<br \/>\n<span class=\"wpcf7-form-control-wrap\" data-name=\"your-name\"><input size=\"40\" maxlength=\"400\" class=\"wpcf7-form-control wpcf7-text wpcf7-validates-as-required\" aria-required=\"true\" aria-invalid=\"false\" value=\"\" type=\"text\" name=\"your-name\" \/><\/span> <\/label>\n<\/p>\n<p><label> Nachname<br \/>\n<span class=\"wpcf7-form-control-wrap\" data-name=\"your-lastname\"><input size=\"40\" maxlength=\"400\" class=\"wpcf7-form-control wpcf7-text wpcf7-validates-as-required\" aria-required=\"true\" aria-invalid=\"false\" value=\"\" type=\"text\" name=\"your-lastname\" \/><\/span> <\/label>\n<\/p>\n<p><label> Email<br \/>\n<span class=\"wpcf7-form-control-wrap\" data-name=\"your-email\"><input size=\"40\" maxlength=\"400\" class=\"wpcf7-form-control wpcf7-email wpcf7-validates-as-required wpcf7-text wpcf7-validates-as-email\" aria-required=\"true\" aria-invalid=\"false\" value=\"\" type=\"email\" name=\"your-email\" \/><\/span> <\/label>\n<\/p>\n<p><span class=\"wpcf7-form-control-wrap\" data-name=\"privacy\"><span class=\"wpcf7-form-control wpcf7-acceptance optional\"><span class=\"wpcf7-list-item\"><label><input type=\"checkbox\" name=\"privacy\" value=\"1\" aria-invalid=\"false\" \/><span class=\"wpcf7-list-item-label\">Ich erkl\u00e4re hiermit, dass ich die <a href=\"http:\/\/migliorosso.com\/privacy-policy\/\">Datenschutzerkl\u00e4rung<\/a> gelesen habe und die Bedingungen akzeptiere.<\/span><\/label><\/span><\/span><\/span>\n<\/p>\n<p><input class=\"wpcf7-form-control wpcf7-submit has-spinner\" type=\"submit\" value=\"Abonnieren\" \/>\n<\/p><div class=\"wpcf7-response-output\" aria-hidden=\"true\"><\/div>\n<\/form>\n<\/div>\n[\/vc_column][\/vc_row][vc_row type=&#8220;full_width_content&#8220; full_screen_row_position=&#8220;middle&#8220; column_margin=&#8220;default&#8220; column_direction=&#8220;default&#8220; column_direction_tablet=&#8220;default&#8220; column_direction_phone=&#8220;default&#8220; bg_color=&#8220;#4c0000&#8243; scene_position=&#8220;center&#8220; top_padding=&#8220;2%&#8220; bottom_padding=&#8220;2%&#8220; left_padding_desktop=&#8220;5%&#8220; right_padding_desktop=&#8220;5%&#8220; text_color=&#8220;dark&#8220; text_align=&#8220;right&#8220; row_border_radius=&#8220;none&#8220; row_border_radius_applies=&#8220;bg&#8220; overlay_strength=&#8220;0.3&#8243; gradient_direction=&#8220;left_to_right&#8220; shape_divider_position=&#8220;bottom&#8220; bg_image_animation=&#8220;none&#8220; shape_type=&#8220;&#8220;][vc_column column_padding=&#8220;no-extra-padding&#8220; column_padding_tablet=&#8220;inherit&#8220; column_padding_phone=&#8220;inherit&#8220; column_padding_position=&#8220;all&#8220; background_color_opacity=&#8220;1&#8243; background_hover_color_opacity=&#8220;1&#8243; column_shadow=&#8220;none&#8220; column_border_radius=&#8220;none&#8220; column_link_target=&#8220;_self&#8220; gradient_direction=&#8220;left_to_right&#8220; overlay_strength=&#8220;0.3&#8243; width=&#8220;1\/1&#8243; tablet_width_inherit=&#8220;default&#8220; tablet_text_alignment=&#8220;default&#8220; phone_text_alignment=&#8220;default&#8220; column_border_width=&#8220;none&#8220; column_border_style=&#8220;solid&#8220; bg_image_animation=&#8220;none&#8220;][nectar_cta btn_style=&#8220;arrow-animation&#8220; heading_tag=&#8220;h3&#8243; text_color=&#8220;#ffffff&#8220; button_color=&#8220;default&#8220; link_type=&#8220;regular&#8220; alignment=&#8220;right&#8220; display=&#8220;block&#8220; nofollow=&#8220;true&#8220; link_text=&#8220;Entdecken Sie unsere Produkte&#8220; url=&#8220;\/negozio&#8220;][\/vc_column][\/vc_row]\n","protected":false},"excerpt":{"rendered":"<p>[vc_row type=&#8220;full_width_content&#8220; full_screen_row_position=&#8220;middle&#8220; column_margin=&#8220;default&#8220; equal_height=&#8220;yes&#8220; content_placement=&#8220;middle&#8220; column_direction=&#8220;default&#8220; column_direction_tablet=&#8220;default&#8220; column_direction_phone=&#8220;default&#8220; bg_color=&#8220;#ffffff&#8220; scene_position=&#8220;center&#8220; text_color=&#8220;dark&#8220; text_align=&#8220;left&#8220; row_border_radius=&#8220;none&#8220; row_border_radius_applies=&#8220;bg&#8220; overlay_strength=&#8220;0.3&#8243; gradient_direction=&#8220;left_to_right&#8220; shape_divider_position=&#8220;bottom&#8220; bg_image_animation=&#8220;none&#8220;][vc_column column_padding=&#8220;padding-10-percent&#8220; column_padding_tablet=&#8220;inherit&#8220; column_padding_phone=&#8220;inherit&#8220; column_padding_position=&#8220;all&#8220; background_color=&#8220;#f4f4f4&#8243; background_color_opacity=&#8220;1&#8243; background_hover_color_opacity=&#8220;1&#8243; column_shadow=&#8220;none&#8220; column_border_radius=&#8220;none&#8220; column_link_target=&#8220;_self&#8220; gradient_direction=&#8220;left_to_right&#8220;&#8230;<\/p>\n","protected":false},"author":58,"featured_media":0,"parent":0,"menu_order":0,"comment_status":"closed","ping_status":"closed","template":"","meta":{"footnotes":""},"class_list":["post-1351","page","type-page","status-publish"],"yoast_head":"<!-- This site is optimized with the Yoast SEO plugin v26.3 - https:\/\/yoast.com\/wordpress\/plugins\/seo\/ -->\n<title>Miglio Rosso - Registriere dich f\u00fcr unseren Newsletter<\/title>\n<meta name=\"description\" content=\"Melden Sie sich jetzt an: F\u00fcr Sie ein Gutschein, der 15 % Rabatt auf den ersten Online-Einkauf erm\u00f6glicht.\" \/>\n<meta name=\"robots\" content=\"index, follow, max-snippet:-1, max-image-preview:large, max-video-preview:-1\" \/>\n<link rel=\"canonical\" href=\"https:\/\/migliorosso.com\/de\/newsletter\/\" \/>\n<meta property=\"og:locale\" content=\"de_DE\" \/>\n<meta property=\"og:type\" content=\"article\" \/>\n<meta property=\"og:title\" content=\"Miglio Rosso - Registriere dich f\u00fcr unseren Newsletter\" \/>\n<meta property=\"og:description\" content=\"Melden Sie sich jetzt an: F\u00fcr Sie ein Gutschein, der 15 % Rabatt auf den ersten Online-Einkauf erm\u00f6glicht.\" \/>\n<meta property=\"og:url\" content=\"https:\/\/migliorosso.com\/de\/newsletter\/\" \/>\n<meta property=\"og:site_name\" content=\"Miglio Rosso\" \/>\n<meta property=\"article:publisher\" content=\"https:\/\/www.facebook.com\/migliorossojesolo\" \/>\n<meta property=\"article:modified_time\" content=\"2022-04-12T11:26:57+00:00\" \/>\n<meta name=\"twitter:card\" content=\"summary_large_image\" \/>\n<meta name=\"twitter:label1\" content=\"Gesch\u00e4tzte Lesezeit\" \/>\n\t<meta name=\"twitter:data1\" content=\"2\u00a0Minuten\" \/>\n<script type=\"application\/ld+json\" class=\"yoast-schema-graph\">{\"@context\":\"https:\/\/schema.org\",\"@graph\":[{\"@type\":\"WebPage\",\"@id\":\"https:\/\/migliorosso.com\/de\/newsletter\/\",\"url\":\"https:\/\/migliorosso.com\/de\/newsletter\/\",\"name\":\"Miglio Rosso - Registriere dich f\u00fcr unseren Newsletter\",\"isPartOf\":{\"@id\":\"https:\/\/migliorosso.com\/de\/#website\"},\"datePublished\":\"2022-04-12T11:19:20+00:00\",\"dateModified\":\"2022-04-12T11:26:57+00:00\",\"description\":\"Melden Sie sich jetzt an: F\u00fcr Sie ein Gutschein, der 15 % Rabatt auf den ersten Online-Einkauf erm\u00f6glicht.\",\"breadcrumb\":{\"@id\":\"https:\/\/migliorosso.com\/de\/newsletter\/#breadcrumb\"},\"inLanguage\":\"de\",\"potentialAction\":[{\"@type\":\"ReadAction\",\"target\":[\"https:\/\/migliorosso.com\/de\/newsletter\/\"]}]},{\"@type\":\"BreadcrumbList\",\"@id\":\"https:\/\/migliorosso.com\/de\/newsletter\/#breadcrumb\",\"itemListElement\":[{\"@type\":\"ListItem\",\"position\":1,\"name\":\"Home\",\"item\":\"https:\/\/migliorosso.com\/de\/\"},{\"@type\":\"ListItem\",\"position\":2,\"name\":\"Newsletter\"}]},{\"@type\":\"WebSite\",\"@id\":\"https:\/\/migliorosso.com\/de\/#website\",\"url\":\"https:\/\/migliorosso.com\/de\/\",\"name\":\"Miglio Rosso\",\"description\":\"Wine - Viticulture\",\"publisher\":{\"@id\":\"https:\/\/migliorosso.com\/de\/#organization\"},\"potentialAction\":[{\"@type\":\"SearchAction\",\"target\":{\"@type\":\"EntryPoint\",\"urlTemplate\":\"https:\/\/migliorosso.com\/de\/?s={search_term_string}\"},\"query-input\":{\"@type\":\"PropertyValueSpecification\",\"valueRequired\":true,\"valueName\":\"search_term_string\"}}],\"inLanguage\":\"de\"},{\"@type\":\"Organization\",\"@id\":\"https:\/\/migliorosso.com\/de\/#organization\",\"name\":\"Miglio Rosso\",\"url\":\"https:\/\/migliorosso.com\/de\/\",\"logo\":{\"@type\":\"ImageObject\",\"inLanguage\":\"de\",\"@id\":\"https:\/\/migliorosso.com\/de\/#\/schema\/logo\/image\/\",\"url\":\"https:\/\/migliorosso.com\/wp-content\/uploads\/2021\/03\/cropped-Logo_RD.png\",\"contentUrl\":\"https:\/\/migliorosso.com\/wp-content\/uploads\/2021\/03\/cropped-Logo_RD.png\",\"width\":512,\"height\":512,\"caption\":\"Miglio Rosso\"},\"image\":{\"@id\":\"https:\/\/migliorosso.com\/de\/#\/schema\/logo\/image\/\"},\"sameAs\":[\"https:\/\/www.facebook.com\/migliorossojesolo\",\"https:\/\/www.instagram.com\/miglio.rosso\/\"]}]}<\/script>\n<!-- \/ Yoast SEO plugin. -->","yoast_head_json":{"title":"Miglio Rosso - Registriere dich f\u00fcr unseren Newsletter","description":"Melden Sie sich jetzt an: F\u00fcr Sie ein Gutschein, der 15 % Rabatt auf den ersten Online-Einkauf erm\u00f6glicht.","robots":{"index":"index","follow":"follow","max-snippet":"max-snippet:-1","max-image-preview":"max-image-preview:large","max-video-preview":"max-video-preview:-1"},"canonical":"https:\/\/migliorosso.com\/de\/newsletter\/","og_locale":"de_DE","og_type":"article","og_title":"Miglio Rosso - Registriere dich f\u00fcr unseren Newsletter","og_description":"Melden Sie sich jetzt an: F\u00fcr Sie ein Gutschein, der 15 % Rabatt auf den ersten Online-Einkauf erm\u00f6glicht.","og_url":"https:\/\/migliorosso.com\/de\/newsletter\/","og_site_name":"Miglio Rosso","article_publisher":"https:\/\/www.facebook.com\/migliorossojesolo","article_modified_time":"2022-04-12T11:26:57+00:00","twitter_card":"summary_large_image","twitter_misc":{"Gesch\u00e4tzte Lesezeit":"2\u00a0Minuten"},"schema":{"@context":"https:\/\/schema.org","@graph":[{"@type":"WebPage","@id":"https:\/\/migliorosso.com\/de\/newsletter\/","url":"https:\/\/migliorosso.com\/de\/newsletter\/","name":"Miglio Rosso - Registriere dich f\u00fcr unseren Newsletter","isPartOf":{"@id":"https:\/\/migliorosso.com\/de\/#website"},"datePublished":"2022-04-12T11:19:20+00:00","dateModified":"2022-04-12T11:26:57+00:00","description":"Melden Sie sich jetzt an: F\u00fcr Sie ein Gutschein, der 15 % Rabatt auf den ersten Online-Einkauf erm\u00f6glicht.","breadcrumb":{"@id":"https:\/\/migliorosso.com\/de\/newsletter\/#breadcrumb"},"inLanguage":"de","potentialAction":[{"@type":"ReadAction","target":["https:\/\/migliorosso.com\/de\/newsletter\/"]}]},{"@type":"BreadcrumbList","@id":"https:\/\/migliorosso.com\/de\/newsletter\/#breadcrumb","itemListElement":[{"@type":"ListItem","position":1,"name":"Home","item":"https:\/\/migliorosso.com\/de\/"},{"@type":"ListItem","position":2,"name":"Newsletter"}]},{"@type":"WebSite","@id":"https:\/\/migliorosso.com\/de\/#website","url":"https:\/\/migliorosso.com\/de\/","name":"Miglio Rosso","description":"Wine - Viticulture","publisher":{"@id":"https:\/\/migliorosso.com\/de\/#organization"},"potentialAction":[{"@type":"SearchAction","target":{"@type":"EntryPoint","urlTemplate":"https:\/\/migliorosso.com\/de\/?s={search_term_string}"},"query-input":{"@type":"PropertyValueSpecification","valueRequired":true,"valueName":"search_term_string"}}],"inLanguage":"de"},{"@type":"Organization","@id":"https:\/\/migliorosso.com\/de\/#organization","name":"Miglio Rosso","url":"https:\/\/migliorosso.com\/de\/","logo":{"@type":"ImageObject","inLanguage":"de","@id":"https:\/\/migliorosso.com\/de\/#\/schema\/logo\/image\/","url":"https:\/\/migliorosso.com\/wp-content\/uploads\/2021\/03\/cropped-Logo_RD.png","contentUrl":"https:\/\/migliorosso.com\/wp-content\/uploads\/2021\/03\/cropped-Logo_RD.png","width":512,"height":512,"caption":"Miglio Rosso"},"image":{"@id":"https:\/\/migliorosso.com\/de\/#\/schema\/logo\/image\/"},"sameAs":["https:\/\/www.facebook.com\/migliorossojesolo","https:\/\/www.instagram.com\/miglio.rosso\/"]}]}},"_links":{"self":[{"href":"https:\/\/migliorosso.com\/de\/wp-json\/wp\/v2\/pages\/1351","targetHints":{"allow":["GET"]}}],"collection":[{"href":"https:\/\/migliorosso.com\/de\/wp-json\/wp\/v2\/pages"}],"about":[{"href":"https:\/\/migliorosso.com\/de\/wp-json\/wp\/v2\/types\/page"}],"author":[{"embeddable":true,"href":"https:\/\/migliorosso.com\/de\/wp-json\/wp\/v2\/users\/58"}],"replies":[{"embeddable":true,"href":"https:\/\/migliorosso.com\/de\/wp-json\/wp\/v2\/comments?post=1351"}],"version-history":[{"count":3,"href":"https:\/\/migliorosso.com\/de\/wp-json\/wp\/v2\/pages\/1351\/revisions"}],"predecessor-version":[{"id":1354,"href":"https:\/\/migliorosso.com\/de\/wp-json\/wp\/v2\/pages\/1351\/revisions\/1354"}],"wp:attachment":[{"href":"https:\/\/migliorosso.com\/de\/wp-json\/wp\/v2\/media?parent=1351"}],"curies":[{"name":"wp","href":"https:\/\/api.w.org\/{rel}","templated":true}]}}